{"id":148,"date":"2025-05-20T18:53:55","date_gmt":"2025-05-20T18:53:55","guid":{"rendered":"https:\/\/lovely-soul.nl\/?page_id=148"},"modified":"2025-05-21T19:26:56","modified_gmt":"2025-05-21T19:26:56","slug":"een-op-een-sessie","status":"publish","type":"page","link":"https:\/\/lovely-soul.nl\/index.php\/een-op-een-sessie\/","title":{"rendered":"E\u00e9n op \u00e9\u00e9n sessie"},"content":{"rendered":"\n<p>Baby yoga&amp;massage is niet alleen ontspannend voor jouw kindje, maar ook voor jou. Het helpt bij het versterken van jullie band. Het geeft rust en een gevoel van veiligheid en geborgenheid. Dit draagt bij aan een veilige hechting en emotionele groei.<br><\/p>\n\n\n\n<p>Jij en jouw baby leren elkaar op een andere manier kennen en aanvoelen. Daarnaast zijn er nog meer voordelen:<br>\u2661Het helpt jouw baby beter te slapen; rustiger en dieper<br>\u2661Helpt bij het loslaten van stress en spanningen<br>\u2661Bevordert de spijsvertering<br>\u2661Stimuleert de motoriek<br>\u2661Positief effect op de doorbloeding<br>\u2661Het bevordert de weerstand<br>\u2661Versterkt de spieren en maakt soepel<br>\u2661Verlicht darmkrampjes<br>\u2661Draagt bij aan de ontwikkeling van de hersenen en zenuwstelsel<br>\u2661\u2026\u2026\u2026\u2026..<\/p>\n\n\n\n<p>Gun jij jouw (klein)kind en jezelf dit ook.<\/p>\n\n\n\n<p>Aarzel dan niet en neem vrijblijvend contact met mij op.<\/p>\n","protected":false},"excerpt":{"rendered":"<p>Baby yoga&amp;massage is niet alleen ontspannend voor jouw kindje, maar ook voor jou. Het helpt bij het versterken van jullie band. Het geeft rust en een gevoel van veiligheid en &hellip; <\/p>\n","protected":false},"author":1,"featured_media":192,"parent":0,"menu_order":0,"comment_status":"closed","ping_status":"closed","template":"","meta":{"footnotes":""},"class_list":["post-148","page","type-page","status-publish","has-post-thumbnail","hentry"],"_links":{"self":[{"href":"https:\/\/lovely-soul.nl\/index.php\/wp-json\/wp\/v2\/pages\/148","targetHints":{"allow":["GET"]}}],"collection":[{"href":"https:\/\/lovely-soul.nl\/index.php\/wp-json\/wp\/v2\/pages"}],"about":[{"href":"https:\/\/lovely-soul.nl\/index.php\/wp-json\/wp\/v2\/types\/page"}],"author":[{"embeddable":true,"href":"https:\/\/lovely-soul.nl\/index.php\/wp-json\/wp\/v2\/users\/1"}],"replies":[{"embeddable":true,"href":"https:\/\/lovely-soul.nl\/index.php\/wp-json\/wp\/v2\/comments?post=148"}],"version-history":[{"count":3,"href":"https:\/\/lovely-soul.nl\/index.php\/wp-json\/wp\/v2\/pages\/148\/revisions"}],"predecessor-version":[{"id":205,"href":"https:\/\/lovely-soul.nl\/index.php\/wp-json\/wp\/v2\/pages\/148\/revisions\/205"}],"wp:featuredmedia":[{"embeddable":true,"href":"https:\/\/lovely-soul.nl\/index.php\/wp-json\/wp\/v2\/media\/192"}],"wp:attachment":[{"href":"https:\/\/lovely-soul.nl\/index.php\/wp-json\/wp\/v2\/media?parent=148"}],"curies":[{"name":"wp","href":"https:\/\/api.w.org\/{rel}","templated":true}]}}