{"id":62,"date":"2025-05-16T19:02:26","date_gmt":"2025-05-16T19:02:26","guid":{"rendered":"https:\/\/lovely-soul.nl\/?page_id=62"},"modified":"2025-11-02T16:01:57","modified_gmt":"2025-11-02T16:01:57","slug":"tarieven","status":"publish","type":"page","link":"https:\/\/lovely-soul.nl\/index.php\/tarieven\/","title":{"rendered":"Tarieven"},"content":{"rendered":"\n<p>Onderstaand mijn tarieven voor de diverse sessies<\/p>\n\n\n\n<p><strong>Baby Yoga &amp; Massage<\/strong><\/p>\n\n\n\n<p>E\u00e9n op \u00e9\u00e9n               60min                          \u20ac65,=     per sessie<\/p>\n\n\n\n<p>Groepsverband 90min \u20ac350,= voor 5 sessies<\/p>\n\n\n\n<p><strong>Talking to the chakra&#8217;s voor:<\/strong><\/p>\n\n\n\n<p>Baby&#8217;s i.c.m. massage 60min \u20ac65,= per sessie<\/p>\n\n\n\n<p><strong>Talking to the chakra&#8217;s voor kinderen: 2 t\/m 13 jaar <\/strong><\/p>\n\n\n\n<p>E\u00e9n losse sessie van 60min \u20ac65,=<\/p>\n\n\n\n<p>Twee sessies van 2x 60min \u20ac125,= i.p.v. \u20ac130,=*<\/p>\n\n\n\n<p><strong>Talking to the chakra&#8217;s voor pubers: 14 t\/m 18 jaar <\/strong><\/p>\n\n\n\n<p>E\u00e9n losse sessie van 90min \u20ac95,=<\/p>\n\n\n\n<p>Twee sessies van 2x 90min \u20ac185,= i.p.v. \u20ac190,=*<\/p>\n\n\n\n<p><strong>Talking to the chakra&#8217;s voor volwassenen:<\/strong><\/p>\n\n\n\n<p>Volwassenen             120min                       \u20ac145,=    per sessie<\/p>\n\n\n\n<p>Volwassenen 120min \u20ac395,= 3 sessies* <\/p>\n\n\n\n<p><strong>Liefdevolle verbindingssessie ouder &amp; kind:<\/strong><\/p>\n\n\n\n<p><strong>Pakket 1:<\/strong> Voor meer verbinding met jouw kind | 1 sessie van 75min \u20ac85,-<\/p>\n\n\n\n<p><strong>Pakket 2:<\/strong> Voor meer verbinding met jouw kind | Verdeeld over 2 maanden: <\/p>\n\n\n\n<p>3 sessies van 75min \u20ac255,-* Inclusief Lovely Soul &#8216;liefdevol verbinden ouder &amp; kind&#8217; handboek<\/p>\n\n\n\n<p><strong>Pakket 3:<\/strong> Voor meer verbinding met jouw kind en jezelf | Verdeeld over 4 maanden: <\/p>\n\n\n\n<p>3 sessies ouder &amp; kind van 75min \u20ac255,- + 2 TTC-sessies kind \u20ac125,- + 3 TTC-sessies ouder \u20ac395,- <\/p>\n\n\n\n<p>Samen voor: \u20ac770,-* Inclusief Lovely Soul &#8216;liefdevol verbinden ouder &amp; kind&#8217; handboek en &#8216;liefdevol verbinden met jezelf&#8217; handboek<\/p>\n\n\n\n<p class=\"has-small-font-size\">*Sessies dienen direct na de eerste sessie gepland te worden waarbij er ook een betalingsverplichting geldt. <\/p>\n\n\n\n<p class=\"has-small-font-size\"><\/p>\n\n\n\n<p><\/p>\n","protected":false},"excerpt":{"rendered":"<p>Onderstaand mijn tarieven voor de diverse sessies Baby Yoga &amp; Massage E\u00e9n op \u00e9\u00e9n 60min \u20ac65,= per sessie Groepsverband 90min \u20ac350,= voor 5 sessies Talking to the chakra&#8217;s voor: Baby&#8217;s &hellip; <\/p>\n","protected":false},"author":1,"featured_media":255,"parent":0,"menu_order":0,"comment_status":"closed","ping_status":"closed","template":"","meta":{"footnotes":""},"class_list":["post-62","page","type-page","status-publish","has-post-thumbnail","hentry"],"_links":{"self":[{"href":"https:\/\/lovely-soul.nl\/index.php\/wp-json\/wp\/v2\/pages\/62","targetHints":{"allow":["GET"]}}],"collection":[{"href":"https:\/\/lovely-soul.nl\/index.php\/wp-json\/wp\/v2\/pages"}],"about":[{"href":"https:\/\/lovely-soul.nl\/index.php\/wp-json\/wp\/v2\/types\/page"}],"author":[{"embeddable":true,"href":"https:\/\/lovely-soul.nl\/index.php\/wp-json\/wp\/v2\/users\/1"}],"replies":[{"embeddable":true,"href":"https:\/\/lovely-soul.nl\/index.php\/wp-json\/wp\/v2\/comments?post=62"}],"version-history":[{"count":12,"href":"https:\/\/lovely-soul.nl\/index.php\/wp-json\/wp\/v2\/pages\/62\/revisions"}],"predecessor-version":[{"id":258,"href":"https:\/\/lovely-soul.nl\/index.php\/wp-json\/wp\/v2\/pages\/62\/revisions\/258"}],"wp:featuredmedia":[{"embeddable":true,"href":"https:\/\/lovely-soul.nl\/index.php\/wp-json\/wp\/v2\/media\/255"}],"wp:attachment":[{"href":"https:\/\/lovely-soul.nl\/index.php\/wp-json\/wp\/v2\/media?parent=62"}],"curies":[{"name":"wp","href":"https:\/\/api.w.org\/{rel}","templated":true}]}}